{"id":12494,"date":"2022-11-15T10:02:02","date_gmt":"2022-11-15T10:02:02","guid":{"rendered":"https:\/\/www.larivieredistribution.com\/legal-information"},"modified":"2022-11-15T10:02:38","modified_gmt":"2022-11-15T10:02:38","slug":"legal-information","status":"publish","type":"page","link":"https:\/\/www.larivieredistribution.com\/en\/legal-information","title":{"rendered":"Legal Information"},"content":{"rendered":"\n<h2 class=\"wp-block-heading\">Website editor<\/h2>\n\n<p>La Rivi\u00e8re<\/p>\n\n<p>A French limited liability company (Soci\u00e9t\u00e9 \u00e0 responsabilit\u00e9 limit\u00e9e) with a share capital of \u20ac15,000<\/p>\n\n<p>Registered office: 838 Route de La Rivi\u00e8re, La Rivi\u00e8re, 12390 Auzits<\/p>\n\n<p>Company registration number: 530 943 430 RCS Rodez<\/p>\n\n<p>Intra-community VAT number: FR92 530 943 430<\/p>\n\n<p>Phone : 05 65 63 05 18<\/p>\n\n<p>E-mail : infos@larivieredistribution.com<\/p>\n\n<h2 class=\"wp-block-heading\">Publication Director<\/h2>\n\n<p>Nicola Cosnard des Closets, Manager de La Rivi\u00e8re<\/p>\n\n<h2 class=\"wp-block-heading\">Website host<\/h2>\n\n<p>OVH<\/p>\n\n<p>Registered office: 2 rue Kellermann BP 80157 59053 ROUBAIX CEDEX 1 \u2013 France<\/p>\n\n<p>Phone: 0 820 698\u00a0765\u00a0<\/p>\n\n<p>Email: support@ovh.com\u00a0<\/p>\n\n<p>Site Web : <a href=\"http:\/\/www.ovh.com\" target=\"_blank\" rel=\"noreferrer noopener\">http:\/\/www.ovh.com<\/a><\/p>\n","protected":false},"excerpt":{"rendered":"<p>Website editor La Rivi\u00e8re A French limited liability company (Soci\u00e9t\u00e9 \u00e0 responsabilit\u00e9 limit\u00e9e) with a share capital of \u20ac15,000 Registered office: 838 Route de La Rivi\u00e8re, La Rivi\u00e8re, 12390 Auzits Company registration number: 530 943 430 RCS Rodez Intra-community VAT number: FR92 530 943 430 Phone : 05 65 63 05 18 E-mail : infos@larivieredistribution.com [&hellip;]<\/p>\n","protected":false},"author":9,"featured_media":0,"parent":0,"menu_order":0,"comment_status":"closed","ping_status":"closed","template":"","meta":{"footnotes":""},"yoast_head":"<!-- This site is optimized with the Yoast SEO plugin v21.1 - https:\/\/yoast.com\/wordpress\/plugins\/seo\/ -->\n<title>Legal Information - La Riviere Distribution<\/title>\n<meta name=\"robots\" content=\"noindex, nofollow\" \/>\n<meta property=\"og:locale\" content=\"en_US\" \/>\n<meta property=\"og:type\" content=\"article\" \/>\n<meta property=\"og:title\" content=\"Legal Information - La Riviere Distribution\" \/>\n<meta property=\"og:description\" content=\"Website editor La Rivi\u00e8re A French limited liability company (Soci\u00e9t\u00e9 \u00e0 responsabilit\u00e9 limit\u00e9e) with a share capital of \u20ac15,000 Registered office: 838 Route de La Rivi\u00e8re, La Rivi\u00e8re, 12390 Auzits Company registration number: 530 943 430 RCS Rodez Intra-community VAT number: FR92 530 943 430 Phone : 05 65 63 05 18 E-mail : infos@larivieredistribution.com [&hellip;]\" \/>\n<meta property=\"og:url\" content=\"https:\/\/www.larivieredistribution.com\/en\/legal-information\" \/>\n<meta property=\"og:site_name\" content=\"La Riviere Distribution\" \/>\n<meta property=\"article:publisher\" content=\"https:\/\/www.facebook.com\/larivieredistribution\" \/>\n<meta property=\"article:modified_time\" content=\"2022-11-15T10:02:38+00:00\" \/>\n<meta name=\"twitter:card\" content=\"summary_large_image\" \/>\n<script type=\"application\/ld+json\" class=\"yoast-schema-graph\">{\"@context\":\"https:\/\/schema.org\",\"@graph\":[{\"@type\":\"WebPage\",\"@id\":\"https:\/\/www.larivieredistribution.com\/en\/legal-information\",\"url\":\"https:\/\/www.larivieredistribution.com\/en\/legal-information\",\"name\":\"Legal Information - La Riviere Distribution\",\"isPartOf\":{\"@id\":\"https:\/\/www.larivieredistribution.com\/en#website\"},\"datePublished\":\"2022-11-15T10:02:02+00:00\",\"dateModified\":\"2022-11-15T10:02:38+00:00\",\"breadcrumb\":{\"@id\":\"https:\/\/www.larivieredistribution.com\/en\/legal-information#breadcrumb\"},\"inLanguage\":\"en-US\",\"potentialAction\":[{\"@type\":\"ReadAction\",\"target\":[\"https:\/\/www.larivieredistribution.com\/en\/legal-information\"]}]},{\"@type\":\"BreadcrumbList\",\"@id\":\"https:\/\/www.larivieredistribution.com\/en\/legal-information#breadcrumb\",\"itemListElement\":[{\"@type\":\"ListItem\",\"position\":1,\"name\":\"Accueil\",\"item\":\"https:\/\/www.larivieredistribution.com\/en\"},{\"@type\":\"ListItem\",\"position\":2,\"name\":\"Legal Information\"}]},{\"@type\":\"WebSite\",\"@id\":\"https:\/\/www.larivieredistribution.com\/en#website\",\"url\":\"https:\/\/www.larivieredistribution.com\/en\",\"name\":\"La Riviere Distribution\",\"description\":\"\",\"publisher\":{\"@id\":\"https:\/\/www.larivieredistribution.com\/en#organization\"},\"potentialAction\":[{\"@type\":\"SearchAction\",\"target\":{\"@type\":\"EntryPoint\",\"urlTemplate\":\"https:\/\/www.larivieredistribution.com\/en?s={search_term_string}\"},\"query-input\":\"required name=search_term_string\"}],\"inLanguage\":\"en-US\"},{\"@type\":\"Organization\",\"@id\":\"https:\/\/www.larivieredistribution.com\/en#organization\",\"name\":\"La Riviere Distribution\",\"url\":\"https:\/\/www.larivieredistribution.com\/en\",\"logo\":{\"@type\":\"ImageObject\",\"inLanguage\":\"en-US\",\"@id\":\"https:\/\/www.larivieredistribution.com\/en#\/schema\/logo\/image\/\",\"url\":\"https:\/\/www.larivieredistribution.com\/wp-content\/uploads\/2022\/09\/logo-lariviere-gris.png\",\"contentUrl\":\"https:\/\/www.larivieredistribution.com\/wp-content\/uploads\/2022\/09\/logo-lariviere-gris.png\",\"width\":277,\"height\":197,\"caption\":\"La Riviere Distribution\"},\"image\":{\"@id\":\"https:\/\/www.larivieredistribution.com\/en#\/schema\/logo\/image\/\"},\"sameAs\":[\"https:\/\/www.facebook.com\/larivieredistribution\",\"https:\/\/www.instagram.com\/larivieredistribution\/?hl=fr\"]}]}<\/script>\n<!-- \/ Yoast SEO plugin. -->","yoast_head_json":{"title":"Legal Information - La Riviere Distribution","robots":{"index":"noindex","follow":"nofollow"},"og_locale":"en_US","og_type":"article","og_title":"Legal Information - La Riviere Distribution","og_description":"Website editor La Rivi\u00e8re A French limited liability company (Soci\u00e9t\u00e9 \u00e0 responsabilit\u00e9 limit\u00e9e) with a share capital of \u20ac15,000 Registered office: 838 Route de La Rivi\u00e8re, La Rivi\u00e8re, 12390 Auzits Company registration number: 530 943 430 RCS Rodez Intra-community VAT number: FR92 530 943 430 Phone : 05 65 63 05 18 E-mail : infos@larivieredistribution.com [&hellip;]","og_url":"https:\/\/www.larivieredistribution.com\/en\/legal-information","og_site_name":"La Riviere Distribution","article_publisher":"https:\/\/www.facebook.com\/larivieredistribution","article_modified_time":"2022-11-15T10:02:38+00:00","twitter_card":"summary_large_image","schema":{"@context":"https:\/\/schema.org","@graph":[{"@type":"WebPage","@id":"https:\/\/www.larivieredistribution.com\/en\/legal-information","url":"https:\/\/www.larivieredistribution.com\/en\/legal-information","name":"Legal Information - La Riviere Distribution","isPartOf":{"@id":"https:\/\/www.larivieredistribution.com\/en#website"},"datePublished":"2022-11-15T10:02:02+00:00","dateModified":"2022-11-15T10:02:38+00:00","breadcrumb":{"@id":"https:\/\/www.larivieredistribution.com\/en\/legal-information#breadcrumb"},"inLanguage":"en-US","potentialAction":[{"@type":"ReadAction","target":["https:\/\/www.larivieredistribution.com\/en\/legal-information"]}]},{"@type":"BreadcrumbList","@id":"https:\/\/www.larivieredistribution.com\/en\/legal-information#breadcrumb","itemListElement":[{"@type":"ListItem","position":1,"name":"Accueil","item":"https:\/\/www.larivieredistribution.com\/en"},{"@type":"ListItem","position":2,"name":"Legal Information"}]},{"@type":"WebSite","@id":"https:\/\/www.larivieredistribution.com\/en#website","url":"https:\/\/www.larivieredistribution.com\/en","name":"La Riviere Distribution","description":"","publisher":{"@id":"https:\/\/www.larivieredistribution.com\/en#organization"},"potentialAction":[{"@type":"SearchAction","target":{"@type":"EntryPoint","urlTemplate":"https:\/\/www.larivieredistribution.com\/en?s={search_term_string}"},"query-input":"required name=search_term_string"}],"inLanguage":"en-US"},{"@type":"Organization","@id":"https:\/\/www.larivieredistribution.com\/en#organization","name":"La Riviere Distribution","url":"https:\/\/www.larivieredistribution.com\/en","logo":{"@type":"ImageObject","inLanguage":"en-US","@id":"https:\/\/www.larivieredistribution.com\/en#\/schema\/logo\/image\/","url":"https:\/\/www.larivieredistribution.com\/wp-content\/uploads\/2022\/09\/logo-lariviere-gris.png","contentUrl":"https:\/\/www.larivieredistribution.com\/wp-content\/uploads\/2022\/09\/logo-lariviere-gris.png","width":277,"height":197,"caption":"La Riviere Distribution"},"image":{"@id":"https:\/\/www.larivieredistribution.com\/en#\/schema\/logo\/image\/"},"sameAs":["https:\/\/www.facebook.com\/larivieredistribution","https:\/\/www.instagram.com\/larivieredistribution\/?hl=fr"]}]}},"_links":{"self":[{"href":"https:\/\/www.larivieredistribution.com\/en\/wp-json\/wp\/v2\/pages\/12494"}],"collection":[{"href":"https:\/\/www.larivieredistribution.com\/en\/wp-json\/wp\/v2\/pages"}],"about":[{"href":"https:\/\/www.larivieredistribution.com\/en\/wp-json\/wp\/v2\/types\/page"}],"author":[{"embeddable":true,"href":"https:\/\/www.larivieredistribution.com\/en\/wp-json\/wp\/v2\/users\/9"}],"replies":[{"embeddable":true,"href":"https:\/\/www.larivieredistribution.com\/en\/wp-json\/wp\/v2\/comments?post=12494"}],"version-history":[{"count":5,"href":"https:\/\/www.larivieredistribution.com\/en\/wp-json\/wp\/v2\/pages\/12494\/revisions"}],"predecessor-version":[{"id":12499,"href":"https:\/\/www.larivieredistribution.com\/en\/wp-json\/wp\/v2\/pages\/12494\/revisions\/12499"}],"wp:attachment":[{"href":"https:\/\/www.larivieredistribution.com\/en\/wp-json\/wp\/v2\/media?parent=12494"}],"curies":[{"name":"wp","href":"https:\/\/api.w.org\/{rel}","templated":true}]}}